{"id":929,"date":"2014-07-29T14:33:41","date_gmt":"2014-07-29T14:33:41","guid":{"rendered":"http:\/\/phylogus.com.br\/vinhostradicao\/?page_id=929"},"modified":"2017-08-08T19:37:24","modified_gmt":"2017-08-08T19:37:24","slug":"vinicola","status":"publish","type":"page","link":"https:\/\/vinhostradicao.com.br\/site\/vinicola\/","title":{"rendered":"Vin\u00edcola"},"content":{"rendered":"<h5><span style=\"font-size: 16px;\">Como Tudo Come\u00e7ou&#8230;<\/span><\/h5>\n<p>&nbsp;<\/p>\n<h6><span style=\"font-size: 14px;\">A Coragem de Luis Sirtoli, filho de imigrantes italianos, foi de grande express\u00e3o com plantio e cultivo de videiras, inicialmente vindas da It\u00e1lia com seus av\u00f3s. Sua dedica\u00e7\u00e3o e perseveran\u00e7a fez brotar nas f\u00e9rteis terras da \u201cSerra Ga\u00facha\u201d a personalidade e a \u201cTRADI\u00c7\u00c3O\u201d de seus antepassados italianos. Com conhecimento e muito trabalho, Luis Sirtoli, come\u00e7a produzir uvas de excelente qualidade, que por sua vez, originam vinhos de alto n\u00edvel, sabor e paladar. Ap\u00f3s v\u00e1rios anos seus vinhedos se ampliam, e atrav\u00e9s de seu filho Clelio Sirtoli, seu trabalho se renova e se consolida com sucesso. Atrav\u00e9s da VIN\u00cdCOLA GRUTINHA localizada no travess\u00e3o Santa Rita 3\u02da L\u00e9gua \u201cCaxias do Sul\u201d descendentes de Clelio Sirtoli continuam a arte da produ\u00e7\u00e3o de vinhos com dedica\u00e7\u00e3o e qualidade destacadas. Atualmente a VIN\u00cdCOLA GRUTINHA produz uma linha de excelentes vinhos finos, espumantes, vinhos de mesa, suco e graspa com a determina\u00e7\u00e3o e profissionalismo registrados na marca \u201cTRADI\u00c7\u00c3O\u201d, para aqueles que valorizam a originalidade.<\/span><\/h6>\n<p>&nbsp;<\/p>\n<p><a href=\"http:\/\/vinhostradicao.com.br\/site\/wp-content\/uploads\/2014\/07\/Vinhos-Tradi\u00e7\u00e3o-m\u00e1quinas.jpg\"><img loading=\"lazy\" class=\"alignnone  wp-image-988\" src=\"http:\/\/vinhostradicao.com.br\/site\/wp-content\/uploads\/2014\/07\/Vinhos-Tradi\u00e7\u00e3o-m\u00e1quinas-300x210.jpg\" alt=\"Vinhos-Tradi\u00e7\u00e3o-m\u00e1quinas\" width=\"367\" height=\"257\" srcset=\"https:\/\/vinhostradicao.com.br\/site\/wp-content\/uploads\/2014\/07\/Vinhos-Tradi\u00e7\u00e3o-m\u00e1quinas-300x210.jpg 300w, https:\/\/vinhostradicao.com.br\/site\/wp-content\/uploads\/2014\/07\/Vinhos-Tradi\u00e7\u00e3o-m\u00e1quinas.jpg 600w\" sizes=\"(max-width: 367px) 100vw, 367px\" \/><\/a>\u00a0 \u00a0 \u00a0 \u00a0<a href=\"http:\/\/vinhostradicao.com.br\/site\/wp-content\/uploads\/2014\/07\/Vinhos-Tradi\u00e7\u00e3o-Adega.jpg\"><img loading=\"lazy\" class=\"alignnone  wp-image-985\" src=\"http:\/\/vinhostradicao.com.br\/site\/wp-content\/uploads\/2014\/07\/Vinhos-Tradi\u00e7\u00e3o-Adega-300x210.jpg\" alt=\"Vinhos-Tradi\u00e7\u00e3o-Adega\" width=\"368\" height=\"258\" srcset=\"https:\/\/vinhostradicao.com.br\/site\/wp-content\/uploads\/2014\/07\/Vinhos-Tradi\u00e7\u00e3o-Adega-300x210.jpg 300w, https:\/\/vinhostradicao.com.br\/site\/wp-content\/uploads\/2014\/07\/Vinhos-Tradi\u00e7\u00e3o-Adega.jpg 600w\" sizes=\"(max-width: 368px) 100vw, 368px\" \/><\/a>\u00a0 \u00a0 \u00a0 \u00a0<a href=\"http:\/\/vinhostradicao.com.br\/site\/wp-content\/uploads\/2014\/07\/Vinhos-Tradi\u00e7\u00e3o-Garrafas.jpg\"><img loading=\"lazy\" class=\"alignnone  wp-image-986\" src=\"http:\/\/vinhostradicao.com.br\/site\/wp-content\/uploads\/2014\/07\/Vinhos-Tradi\u00e7\u00e3o-Garrafas-300x210.jpg\" alt=\"Vinhos-Tradi\u00e7\u00e3o-Garrafas\" width=\"368\" height=\"257\" srcset=\"https:\/\/vinhostradicao.com.br\/site\/wp-content\/uploads\/2014\/07\/Vinhos-Tradi\u00e7\u00e3o-Garrafas-300x210.jpg 300w, https:\/\/vinhostradicao.com.br\/site\/wp-content\/uploads\/2014\/07\/Vinhos-Tradi\u00e7\u00e3o-Garrafas.jpg 600w\" sizes=\"(max-width: 368px) 100vw, 368px\" \/><\/a><\/p>\n<p>&nbsp;<\/p>\n<h6><span style=\"font-size: 14px;\">Os vinhos Adega tradi\u00e7\u00e3o s\u00e3o produzidos pela fam\u00edlia Sirtoli, uma empresa familiar, localizada na Terceira L\u00e9gua do lado da Gruta N. S\u00aa de Lourdes.<br \/>\nAtrav\u00e9s dos vinhos Adega Tradi\u00e7\u00e3o, a fam\u00edlia Sirtoli trabalha no cultivo de videiras de uvas de qualidade europ\u00e9ias \u201cMerlot, Cabernet Sauvignon, Moscato Giallo e Tannat\u201d e americanas \u201cBord\u00f4 Isabel e Ni\u00e1gara\u201d.<\/span><\/h6>\n<p>&nbsp;<\/p>\n<p><a href=\"http:\/\/vinhostradicao.com.br\/site\/wp-content\/uploads\/2014\/07\/Vin\u00edcola-Grutinha.jpg\"><img loading=\"lazy\" class=\"alignnone  wp-image-988\" src=\"http:\/\/vinhostradicao.com.br\/site\/wp-content\/uploads\/2014\/07\/Vin\u00edcola-Grutinha.jpg\" alt=\"Vinhos-Tradi\u00e7\u00e3o-m\u00e1quinas\" width=\"367\" height=\"257\" \/><\/a>\u00a0 \u00a0 \u00a0 \u00a0<a href=\"http:\/\/vinhostradicao.com.br\/site\/wp-content\/uploads\/2014\/07\/Vinhos-Tradi\u00e7\u00e3o1.jpg\"><img loading=\"lazy\" class=\"alignnone  wp-image-985\" src=\"http:\/\/vinhostradicao.com.br\/site\/wp-content\/uploads\/2014\/07\/Vinhos-Tradi\u00e7\u00e3o1.jpg\" alt=\"Vinhos-Tradi\u00e7\u00e3o-Adega\" width=\"368\" height=\"258\" \/><\/a>\u00a0 \u00a0 \u00a0 \u00a0<a href=\"http:\/\/vinhostradicao.com.br\/site\/wp-content\/uploads\/2014\/07\/Vinhos-Tradi\u00e7\u00e3o-Locali\u00e7\u00e3o.jpg\"><img loading=\"lazy\" class=\"alignnone  wp-image-986\" src=\"http:\/\/vinhostradicao.com.br\/site\/wp-content\/uploads\/2014\/07\/Vinhos-Tradi\u00e7\u00e3o-Locali\u00e7\u00e3o.jpg\" alt=\"Vinhos-Tradi\u00e7\u00e3o-Garrafas\" width=\"368\" height=\"257\" \/><\/a><\/p>\n<p>&nbsp;<\/p>\n<h5><span style=\"font-size: 16px;\">Conhe\u00e7a Um Pouco Da Vin\u00edcola Grutinha<\/span><\/h5>\n<p>&nbsp;<\/p>\n<p><a href=\"http:\/\/vinhostradicao.com.br\/site\/wp-content\/uploads\/2014\/07\/Vin\u00edcola-Grutinha-Ind\u00fastria.jpg\"><img loading=\"lazy\" class=\"alignnone  wp-image-988\" src=\"http:\/\/vinhostradicao.com.br\/site\/wp-content\/uploads\/2014\/07\/Vin\u00edcola-Grutinha-Ind\u00fastria.jpg\" alt=\"Vinhos-Tradi\u00e7\u00e3o-m\u00e1quinas\" width=\"367\" height=\"257\" \/><\/a>\u00a0 \u00a0 \u00a0 \u00a0<a href=\"http:\/\/vinhostradicao.com.br\/site\/wp-content\/uploads\/2014\/07\/Vin\u00edcola-Grutinha-Ind\u00fastria-2.jpg\"><img loading=\"lazy\" class=\"alignnone  wp-image-985\" src=\"http:\/\/vinhostradicao.com.br\/site\/wp-content\/uploads\/2014\/07\/Vin\u00edcola-Grutinha-Ind\u00fastria-2.jpg\" alt=\"Vinhos-Tradi\u00e7\u00e3o-Adega\" width=\"368\" height=\"258\" \/><\/a>\u00a0 \u00a0 \u00a0 \u00a0<a href=\"http:\/\/vinhostradicao.com.br\/site\/wp-content\/uploads\/2014\/07\/Vin\u00edcola-Grutinha-Ind\u00fastria-3.jpg\"><img loading=\"lazy\" class=\"alignnone  wp-image-986\" src=\"http:\/\/vinhostradicao.com.br\/site\/wp-content\/uploads\/2014\/07\/Vin\u00edcola-Grutinha-Ind\u00fastria-3.jpg\" alt=\"Vinhos-Tradi\u00e7\u00e3o-Garrafas\" width=\"368\" height=\"257\" \/><\/a><\/p>\n<p>&nbsp;<\/p>\n<p>&nbsp;<\/p>\n<p><a href=\"http:\/\/vinhostradicao.com.br\/site\/wp-content\/uploads\/2014\/07\/Vin\u00edcola-Grutinha-Ind\u00fastria-Estoque.jpg\"><img loading=\"lazy\" class=\"alignnone  wp-image-992\" src=\"http:\/\/vinhostradicao.com.br\/site\/wp-content\/uploads\/2014\/07\/Vin\u00edcola-Grutinha-Ind\u00fastria-Estoque.jpg\" alt=\"Vin\u00edcola-Grutinha-Ind\u00fastria-Estoque\" width=\"564\" height=\"395\" srcset=\"https:\/\/vinhostradicao.com.br\/site\/wp-content\/uploads\/2014\/07\/Vin\u00edcola-Grutinha-Ind\u00fastria-Estoque.jpg 600w, https:\/\/vinhostradicao.com.br\/site\/wp-content\/uploads\/2014\/07\/Vin\u00edcola-Grutinha-Ind\u00fastria-Estoque-300x210.jpg 300w\" sizes=\"(max-width: 564px) 100vw, 564px\" \/><\/a>\u00a0 \u00a0 \u00a0\u00a0<a href=\"http:\/\/vinhostradicao.com.br\/site\/wp-content\/uploads\/2014\/07\/Vin\u00edcola-Grutinha-Vinho-e-Comida.jpg\"><img loading=\"lazy\" class=\"alignnone  wp-image-994\" src=\"http:\/\/vinhostradicao.com.br\/site\/wp-content\/uploads\/2014\/07\/Vin\u00edcola-Grutinha-Vinho-e-Comida.jpg\" alt=\"Vin\u00edcola-Grutinha-Vinho-e-Comida\" width=\"565\" height=\"396\" \/><\/a><\/p>\n<p>&nbsp;<\/p>\n","protected":false},"excerpt":{"rendered":"<p>Como Tudo Come\u00e7ou&#8230; &nbsp; A Coragem de Luis Sirtoli, filho de imigrantes italianos, foi de grande express\u00e3o com plantio e cultivo de videiras, inicialmente vindas da It\u00e1lia com seus av\u00f3s. Sua dedica\u00e7\u00e3o e perseveran\u00e7a fez brotar nas f\u00e9rteis terras da \u201cSerra Ga\u00facha\u201d a personalidade e a \u201cTRADI\u00c7\u00c3O\u201d de seus antepassados italianos. Com conhecimento e muito [&hellip;]<\/p>\n","protected":false},"author":1,"featured_media":0,"parent":0,"menu_order":0,"comment_status":"open","ping_status":"closed","template":"","meta":[],"_links":{"self":[{"href":"https:\/\/vinhostradicao.com.br\/site\/wp-json\/wp\/v2\/pages\/929"}],"collection":[{"href":"https:\/\/vinhostradicao.com.br\/site\/wp-json\/wp\/v2\/pages"}],"about":[{"href":"https:\/\/vinhostradicao.com.br\/site\/wp-json\/wp\/v2\/types\/page"}],"author":[{"embeddable":true,"href":"https:\/\/vinhostradicao.com.br\/site\/wp-json\/wp\/v2\/users\/1"}],"replies":[{"embeddable":true,"href":"https:\/\/vinhostradicao.com.br\/site\/wp-json\/wp\/v2\/comments?post=929"}],"version-history":[{"count":2,"href":"https:\/\/vinhostradicao.com.br\/site\/wp-json\/wp\/v2\/pages\/929\/revisions"}],"predecessor-version":[{"id":1153,"href":"https:\/\/vinhostradicao.com.br\/site\/wp-json\/wp\/v2\/pages\/929\/revisions\/1153"}],"wp:attachment":[{"href":"https:\/\/vinhostradicao.com.br\/site\/wp-json\/wp\/v2\/media?parent=929"}],"curies":[{"name":"wp","href":"https:\/\/api.w.org\/{rel}","templated":true}]}}