{"id":936,"date":"2014-07-29T14:35:38","date_gmt":"2014-07-29T14:35:38","guid":{"rendered":"http:\/\/phylogus.com.br\/vinhostradicao\/?page_id=936"},"modified":"2020-02-18T12:32:54","modified_gmt":"2020-02-18T12:32:54","slug":"catalogo","status":"publish","type":"page","link":"https:\/\/vinhostradicao.com.br\/site\/catalogo\/","title":{"rendered":"Cat\u00e1logo"},"content":{"rendered":"<h5>Baixe o cat\u00e1logo dos Vinhos Tradi\u00e7\u00e3o aqui:<\/h5>\n<div class='w3eden'><!-- WPDM Link Template: Default Template -->\n\n<div class=\"link-template-default card mb-2\">\n    <div class=\"card-body\">\n        <div class=\"media\">\n            <div class=\"mr-3 img-48\"><img class=\"wpdm_icon\" alt=\"\u00edcone\" src=\"https:\/\/vinhostradicao.com.br\/site\/wp-content\/plugins\/download-manager\/assets\/file-type-icons\/pdf.svg\" \/><\/div>\n            <div class=\"media-body\">\n                <h3 class=\"package-title\"><a href='https:\/\/vinhostradicao.com.br\/site\/download\/catalogo-digital\/'>Cat\u00e1logo Digital<\/a><\/h3>\n                <div class=\"text-muted text-small\"><i class=\"fas fa-copy\"><\/i> 1  arquivo(s) <i class=\"fas fa-hdd ml-3\"><\/i> 23.69 MB<\/div>\n            <\/div>\n            <div class=\"ml-3\">\n                <a class='wpdm-download-link download-on-click btn btn-primary ' rel='nofollow' href='#' data-downloadurl=\"https:\/\/vinhostradicao.com.br\/site\/download\/catalogo-digital\/?wpdmdl=1228&refresh=69f85cc70d5e21777884359\">Download<\/a>\n            <\/div>\n        <\/div>\n    <\/div>\n<\/div>\n\n<\/div>\n","protected":false},"excerpt":{"rendered":"<p>Baixe o cat\u00e1logo dos Vinhos Tradi\u00e7\u00e3o aqui:<\/p>\n","protected":false},"author":1,"featured_media":0,"parent":0,"menu_order":0,"comment_status":"open","ping_status":"closed","template":"","meta":[],"_links":{"self":[{"href":"https:\/\/vinhostradicao.com.br\/site\/wp-json\/wp\/v2\/pages\/936"}],"collection":[{"href":"https:\/\/vinhostradicao.com.br\/site\/wp-json\/wp\/v2\/pages"}],"about":[{"href":"https:\/\/vinhostradicao.com.br\/site\/wp-json\/wp\/v2\/types\/page"}],"author":[{"embeddable":true,"href":"https:\/\/vinhostradicao.com.br\/site\/wp-json\/wp\/v2\/users\/1"}],"replies":[{"embeddable":true,"href":"https:\/\/vinhostradicao.com.br\/site\/wp-json\/wp\/v2\/comments?post=936"}],"version-history":[{"count":6,"href":"https:\/\/vinhostradicao.com.br\/site\/wp-json\/wp\/v2\/pages\/936\/revisions"}],"predecessor-version":[{"id":1232,"href":"https:\/\/vinhostradicao.com.br\/site\/wp-json\/wp\/v2\/pages\/936\/revisions\/1232"}],"wp:attachment":[{"href":"https:\/\/vinhostradicao.com.br\/site\/wp-json\/wp\/v2\/media?parent=936"}],"curies":[{"name":"wp","href":"https:\/\/api.w.org\/{rel}","templated":true}]}}